{"id":1860,"date":"2025-01-13T12:36:06","date_gmt":"2025-01-13T12:36:06","guid":{"rendered":"https:\/\/senseijewels.com\/joyas\/button-ramen\/"},"modified":"2025-04-01T10:19:28","modified_gmt":"2025-04-01T10:19:28","slug":"button-ramen","status":"publish","type":"product","link":"https:\/\/senseijewels.com\/en\/joyas\/button-ramen\/","title":{"rendered":"Ramen Stud"},"content":{"rendered":"<p>Pendientes de plata con el s\u00edmbolo del Narutomaki, la espiral rosa sobre pasta blanca que tradicionalmente acompa\u00f1a los platos de ramen que se preparan en Jap\u00f3n (\u00a1y ya en todas partes!). Se trata de pendientes de bot\u00f3n, hechos a mano en plata de ley, y cada narutomaki mide unos 0.7 cm. de di\u00e1metro. Disponible en par o en unidades sueltas.  <\/p>\n<p>&nbsp;<\/p>\n<section class=\"section mcb-section the_content has_content\">\n<div class=\"section_wrapper\">\n<div class=\"the_content_wrapper \">\n<h5>Preparation and Shipping<\/h5>\n<p>If we have units of this jewelry available, it will be shipped within two to three days. If not, the preparation time is between two and three weeks. <\/p>\n<p>As all our jewelry is handmade, if you wish to modify any element, please write to us at sensei.joyas@gmail.com.<\/p>\n<p>&nbsp;<\/p>\n<h5>Sensei Jewels<\/h5>\n<p>At SENSEI JEWELS, we create geek-inspired handmade jewelry in sterling silver and 18-karat gold, crafted with care and attention to detail. We draw inspiration from the series, anime, manga, and video games we are passionate about to design unique pieces, perfect for both special occasions and everyday wear. Our goal is for our jewelry to be both a tribute to the geek world we love and a versatile accessory for any occasion.  <\/p>\n<\/div>\n<\/div>\n<\/section>\n<p>&nbsp;<\/p>\n","protected":false},"excerpt":{"rendered":"<p>Pendientes de plata con el s\u00edmbolo del Narutomaki, la espiral rosa sobre pasta blanca que tradicionalmente acompa\u00f1a los platos de ramen que se preparan en Jap\u00f3n<span class=\"excerpt-hellip\"> [\u2026]<\/span><\/p>\n","protected":false},"featured_media":1385,"comment_status":"closed","ping_status":"closed","template":"","meta":{"om_disable_all_campaigns":false},"product_brand":[],"product_cat":[328],"product_tag":[422,330,341],"class_list":{"0":"post-1860","1":"product","2":"type-product","3":"status-publish","4":"has-post-thumbnail","6":"product_cat-earrings","7":"product_tag-japan","8":"product_tag-sterling-silver","9":"product_tag-stud-earrings","11":"first","12":"instock","13":"shipping-taxable","14":"purchasable","15":"product-type-variable","16":"has-default-attributes"},"yoast_head":"<!-- This site is optimized with the Yoast SEO plugin v27.6 - https:\/\/yoast.com\/product\/yoast-seo-wordpress\/ -->\n<title>Ramen Stud friki artesanal - Sensei Jewels<\/title>\n<meta name=\"description\" content=\"Earrings in the shape of the narutomaki, the pink spiral that always accompanies ramen dishes, a jewel of Japanese culture to wear with you!\" \/>\n<meta name=\"robots\" content=\"index, follow, max-snippet:-1, max-image-preview:large, max-video-preview:-1\" \/>\n<link rel=\"canonical\" href=\"https:\/\/senseijewels.com\/en\/joyas\/button-ramen\/\" \/>\n<meta property=\"og:locale\" content=\"en_US\" \/>\n<meta property=\"og:type\" content=\"article\" \/>\n<meta property=\"og:title\" content=\"Ramen Stud friki artesanal - Sensei Jewels\" \/>\n<meta property=\"og:description\" content=\"Earrings in the shape of the narutomaki, the pink spiral that always accompanies ramen dishes, a jewel of Japanese culture to wear with you!\" \/>\n<meta property=\"og:url\" content=\"https:\/\/senseijewels.com\/en\/joyas\/button-ramen\/\" \/>\n<meta property=\"og:site_name\" content=\"Sensei Jewels\" \/>\n<meta property=\"article:modified_time\" content=\"2025-04-01T10:19:28+00:00\" \/>\n<meta property=\"og:image\" content=\"https:\/\/senseijewels.com\/wp-content\/uploads\/2025\/01\/Ramen02.jpeg\" \/>\n\t<meta property=\"og:image:width\" content=\"2000\" \/>\n\t<meta property=\"og:image:height\" content=\"1333\" \/>\n\t<meta property=\"og:image:type\" content=\"image\/jpeg\" \/>\n<meta name=\"twitter:card\" content=\"summary_large_image\" \/>\n<meta name=\"twitter:label1\" content=\"Est. reading time\" \/>\n\t<meta name=\"twitter:data1\" content=\"1 minute\" \/>\n<!-- \/ Yoast SEO plugin. -->","yoast_head_json":{"title":"Ramen Stud friki artesanal - Sensei Jewels","description":"Earrings in the shape of the narutomaki, the pink spiral that always accompanies ramen dishes, a jewel of Japanese culture to wear with you!","robots":{"index":"index","follow":"follow","max-snippet":"max-snippet:-1","max-image-preview":"max-image-preview:large","max-video-preview":"max-video-preview:-1"},"canonical":"https:\/\/senseijewels.com\/en\/joyas\/button-ramen\/","og_locale":"en_US","og_type":"article","og_title":"Ramen Stud friki artesanal - Sensei Jewels","og_description":"Earrings in the shape of the narutomaki, the pink spiral that always accompanies ramen dishes, a jewel of Japanese culture to wear with you!","og_url":"https:\/\/senseijewels.com\/en\/joyas\/button-ramen\/","og_site_name":"Sensei Jewels","article_modified_time":"2025-04-01T10:19:28+00:00","og_image":[{"width":2000,"height":1333,"url":"https:\/\/senseijewels.com\/wp-content\/uploads\/2025\/01\/Ramen02.jpeg","type":"image\/jpeg"}],"twitter_card":"summary_large_image","twitter_misc":{"Est. reading time":"1 minute"},"schema":{"@context":"https:\/\/schema.org","@graph":[{"@type":"WebPage","@id":"https:\/\/senseijewels.com\/en\/joyas\/button-ramen\/","url":"https:\/\/senseijewels.com\/en\/joyas\/button-ramen\/","name":"Ramen Stud friki artesanal - Sensei Jewels","isPartOf":{"@id":"https:\/\/senseijewels.com\/en\/#website"},"primaryImageOfPage":{"@id":"https:\/\/senseijewels.com\/en\/joyas\/button-ramen\/#primaryimage"},"image":{"@id":"https:\/\/senseijewels.com\/en\/joyas\/button-ramen\/#primaryimage"},"thumbnailUrl":"https:\/\/senseijewels.com\/wp-content\/uploads\/2025\/01\/Ramen02.jpeg","datePublished":"2025-01-13T12:36:06+00:00","dateModified":"2025-04-01T10:19:28+00:00","description":"Earrings in the shape of the narutomaki, the pink spiral that always accompanies ramen dishes, a jewel of Japanese culture to wear with you!","breadcrumb":{"@id":"https:\/\/senseijewels.com\/en\/joyas\/button-ramen\/#breadcrumb"},"inLanguage":"en-US","potentialAction":[{"@type":"ReadAction","target":["https:\/\/senseijewels.com\/en\/joyas\/button-ramen\/"]}]},{"@type":"ImageObject","inLanguage":"en-US","@id":"https:\/\/senseijewels.com\/en\/joyas\/button-ramen\/#primaryimage","url":"https:\/\/senseijewels.com\/wp-content\/uploads\/2025\/01\/Ramen02.jpeg","contentUrl":"https:\/\/senseijewels.com\/wp-content\/uploads\/2025\/01\/Ramen02.jpeg","width":2000,"height":1333,"caption":"Ramen earrings with the spiral of narutomaki"},{"@type":"BreadcrumbList","@id":"https:\/\/senseijewels.com\/en\/joyas\/button-ramen\/#breadcrumb","itemListElement":[{"@type":"ListItem","position":1,"name":"Portada","item":"https:\/\/senseijewels.com\/en\/home\/"},{"@type":"ListItem","position":2,"name":"Jewels","item":"https:\/\/senseijewels.com\/en\/jewels\/"},{"@type":"ListItem","position":3,"name":"Ramen Stud"}]},{"@type":"WebSite","@id":"https:\/\/senseijewels.com\/en\/#website","url":"https:\/\/senseijewels.com\/en\/","name":"Sensei Jewels","description":"Joyas frikis artesanales inspiradas en manga, anime y videojuegos. Handmade geek jewelry desde Jap\u00f3n con amor.","publisher":{"@id":"https:\/\/senseijewels.com\/en\/#organization"},"potentialAction":[{"@type":"SearchAction","target":{"@type":"EntryPoint","urlTemplate":"https:\/\/senseijewels.com\/en\/?s={search_term_string}"},"query-input":{"@type":"PropertyValueSpecification","valueRequired":true,"valueName":"search_term_string"}}],"inLanguage":"en-US"},{"@type":"Organization","@id":"https:\/\/senseijewels.com\/en\/#organization","name":"Sensei Jewels","url":"https:\/\/senseijewels.com\/en\/","logo":{"@type":"ImageObject","inLanguage":"en-US","@id":"https:\/\/senseijewels.com\/en\/#\/schema\/logo\/image\/","url":"https:\/\/senseijewels.com\/wp-content\/uploads\/2024\/10\/cropped-logo-sensei.jpg","contentUrl":"https:\/\/senseijewels.com\/wp-content\/uploads\/2024\/10\/cropped-logo-sensei.jpg","width":512,"height":512,"caption":"Sensei Jewels"},"image":{"@id":"https:\/\/senseijewels.com\/en\/#\/schema\/logo\/image\/"}}]}},"_links":{"self":[{"href":"https:\/\/senseijewels.com\/en\/wp-json\/wp\/v2\/product\/1860","targetHints":{"allow":["GET"]}}],"collection":[{"href":"https:\/\/senseijewels.com\/en\/wp-json\/wp\/v2\/product"}],"about":[{"href":"https:\/\/senseijewels.com\/en\/wp-json\/wp\/v2\/types\/product"}],"replies":[{"embeddable":true,"href":"https:\/\/senseijewels.com\/en\/wp-json\/wp\/v2\/comments?post=1860"}],"wp:featuredmedia":[{"embeddable":true,"href":"https:\/\/senseijewels.com\/en\/wp-json\/wp\/v2\/media\/1385"}],"wp:attachment":[{"href":"https:\/\/senseijewels.com\/en\/wp-json\/wp\/v2\/media?parent=1860"}],"wp:term":[{"taxonomy":"product_brand","embeddable":true,"href":"https:\/\/senseijewels.com\/en\/wp-json\/wp\/v2\/product_brand?post=1860"},{"taxonomy":"product_cat","embeddable":true,"href":"https:\/\/senseijewels.com\/en\/wp-json\/wp\/v2\/product_cat?post=1860"},{"taxonomy":"product_tag","embeddable":true,"href":"https:\/\/senseijewels.com\/en\/wp-json\/wp\/v2\/product_tag?post=1860"}],"curies":[{"name":"wp","href":"https:\/\/api.w.org\/{rel}","templated":true}]}}