{"id":2892,"date":"2026-04-24T17:40:34","date_gmt":"2026-04-24T17:40:34","guid":{"rendered":"https:\/\/senseijewels.com\/?post_type=product&#038;p=2892"},"modified":"2026-04-24T17:43:49","modified_gmt":"2026-04-24T17:43:49","slug":"pendientes-llave-dorada","status":"publish","type":"product","link":"https:\/\/senseijewels.com\/ca\/joyas\/pendientes-llave-dorada\/","title":{"rendered":"Pendientes Llave Dorada"},"content":{"rendered":"<p data-start=\"79\" data-end=\"274\">Pendientes inspirados en una llave muy especial, s\u00edmbolo de destinos entrelazados y de la conexi\u00f3n entre mundos. Un dise\u00f1o sencillo pero lleno de significado, pensado para llevar siempre contigo.<\/p>\n<p data-start=\"276\" data-end=\"425\">Hechos a mano en plata de ley y ba\u00f1ados en oro amarillo de 18k, son pendientes de aro ligeros y c\u00f3modos, perfectos para el d\u00eda a d\u00eda. Est<\/p>\n<p data-start=\"427\" data-end=\"477\">Existen dos modelos, uno con el mango dorado y el otro con el mango plateado. Est\u00e1n disponibles tanto de forma individual como en par (1 de cada) o en par (2 del mismo tipo).<\/p>\n<p data-start=\"594\" data-end=\"617\"><strong data-start=\"594\" data-end=\"617\">Preparaci\u00f3n y env\u00edo<\/strong><\/p>\n<p data-start=\"619\" data-end=\"722\">Como todas nuestras joyas est\u00e1n hechas a mano, el tiempo de preparaci\u00f3n es de entre dos y tres semanas.<\/p>\n<p data-start=\"724\" data-end=\"825\">Los env\u00edos se realizan desde nuestro taller en Barcelona mediante Correos, con n\u00famero de seguimiento.<\/p>\n<p data-start=\"830\" data-end=\"847\"><strong data-start=\"830\" data-end=\"847\">Sensei Jewels<\/strong><\/p>\n<p data-start=\"849\" data-end=\"1292\">En SENSEI JEWELS creamos joyas frikis hechas a mano, en plata de ley y oro de 18 kilates, con cari\u00f1o y atenci\u00f3n al detalle. Nos inspiramos en las series, anime, manga y videojuegos que nos apasionan para dise\u00f1ar piezas \u00fanicas, pensadas tanto para ocasiones especiales como para llevar en el d\u00eda a d\u00eda. Queremos que nuestras joyas sean a la vez un homenaje al mundo friki que amamos y tambi\u00e9n un complemento que llevar para todas las ocasiones.<\/p>\n","protected":false},"excerpt":{"rendered":"<p>Pendientes inspirados en una llave muy especial, s\u00edmbolo de destinos entrelazados y de la conexi\u00f3n entre mundos. Un dise\u00f1o sencillo pero lleno de significado, pensado para<span class=\"excerpt-hellip\"> [\u2026]<\/span><\/p>\n","protected":false},"featured_media":2898,"comment_status":"open","ping_status":"closed","template":"","meta":{"om_disable_all_campaigns":false},"product_brand":[744],"product_cat":[77,80,79],"product_tag":[255,232,233,234],"class_list":{"0":"post-2892","1":"product","2":"type-product","3":"status-publish","4":"has-post-thumbnail","6":"product_brand-sensei-jewels","7":"product_cat-pendientes","8":"product_cat-recien-llegados","9":"product_cat-top-ventas","10":"product_tag-bano-de-oro","11":"product_tag-kh","12":"product_tag-pendientes","13":"product_tag-plata-de-ley","15":"first","16":"instock","17":"shipping-taxable","18":"purchasable","19":"product-type-variable"},"yoast_head":"<!-- This site is optimized with the Yoast SEO plugin v27.4 - https:\/\/yoast.com\/product\/yoast-seo-wordpress\/ -->\n<title>Pendientes Llave Dorada friki artesanal - Sensei Jewels<\/title>\n<meta name=\"description\" content=\"Joya friki hecha a mano inspirada en anime, manga, videojuegos y cultura japonesa.\" \/>\n<meta name=\"robots\" content=\"index, follow, max-snippet:-1, max-image-preview:large, max-video-preview:-1\" \/>\n<link rel=\"canonical\" href=\"https:\/\/senseijewels.com\/ca\/joyas\/pendientes-llave-dorada\/\" \/>\n<meta property=\"og:locale\" content=\"ca_ES\" \/>\n<meta property=\"og:type\" content=\"article\" \/>\n<meta property=\"og:title\" content=\"Pendientes Llave Dorada friki artesanal - Sensei Jewels\" \/>\n<meta property=\"og:description\" content=\"Joya friki hecha a mano inspirada en anime, manga, videojuegos y cultura japonesa.\" \/>\n<meta property=\"og:url\" content=\"https:\/\/senseijewels.com\/ca\/joyas\/pendientes-llave-dorada\/\" \/>\n<meta property=\"og:site_name\" content=\"Sensei Jewels\" \/>\n<meta property=\"article:modified_time\" content=\"2026-04-24T17:43:49+00:00\" \/>\n<meta property=\"og:image\" content=\"https:\/\/senseijewels.com\/wp-content\/uploads\/2025\/01\/LOGO-FRASE.jpg\" \/>\n\t<meta property=\"og:image:width\" content=\"1654\" \/>\n\t<meta property=\"og:image:height\" content=\"568\" \/>\n\t<meta property=\"og:image:type\" content=\"image\/jpeg\" \/>\n<meta name=\"twitter:card\" content=\"summary_large_image\" \/>\n<meta name=\"twitter:label1\" content=\"Temps estimat de lectura\" \/>\n\t<meta name=\"twitter:data1\" content=\"2 minuts\" \/>\n<!-- \/ Yoast SEO plugin. -->","yoast_head_json":{"title":"Pendientes Llave Dorada friki artesanal - Sensei Jewels","description":"Joya friki hecha a mano inspirada en anime, manga, videojuegos y cultura japonesa.","robots":{"index":"index","follow":"follow","max-snippet":"max-snippet:-1","max-image-preview":"max-image-preview:large","max-video-preview":"max-video-preview:-1"},"canonical":"https:\/\/senseijewels.com\/ca\/joyas\/pendientes-llave-dorada\/","og_locale":"ca_ES","og_type":"article","og_title":"Pendientes Llave Dorada friki artesanal - Sensei Jewels","og_description":"Joya friki hecha a mano inspirada en anime, manga, videojuegos y cultura japonesa.","og_url":"https:\/\/senseijewels.com\/ca\/joyas\/pendientes-llave-dorada\/","og_site_name":"Sensei Jewels","article_modified_time":"2026-04-24T17:43:49+00:00","og_image":[{"width":1654,"height":568,"url":"https:\/\/senseijewels.com\/wp-content\/uploads\/2025\/01\/LOGO-FRASE.jpg","type":"image\/jpeg"}],"twitter_card":"summary_large_image","twitter_misc":{"Temps estimat de lectura":"2 minuts"},"schema":{"@context":"https:\/\/schema.org","@graph":[{"@type":"WebPage","@id":"https:\/\/senseijewels.com\/ca\/joyas\/pendientes-llave-dorada\/","url":"https:\/\/senseijewels.com\/ca\/joyas\/pendientes-llave-dorada\/","name":"Pendientes Llave Dorada friki artesanal - Sensei Jewels","isPartOf":{"@id":"https:\/\/senseijewels.com\/ca\/#website"},"primaryImageOfPage":{"@id":"https:\/\/senseijewels.com\/ca\/joyas\/pendientes-llave-dorada\/#primaryimage"},"image":{"@id":"https:\/\/senseijewels.com\/ca\/joyas\/pendientes-llave-dorada\/#primaryimage"},"thumbnailUrl":"https:\/\/senseijewels.com\/wp-content\/uploads\/2026\/04\/Kagi01.png","datePublished":"2026-04-24T17:40:34+00:00","dateModified":"2026-04-24T17:43:49+00:00","description":"Joya friki hecha a mano inspirada en anime, manga, videojuegos y cultura japonesa.","breadcrumb":{"@id":"https:\/\/senseijewels.com\/ca\/joyas\/pendientes-llave-dorada\/#breadcrumb"},"inLanguage":"ca","potentialAction":[{"@type":"ReadAction","target":["https:\/\/senseijewels.com\/ca\/joyas\/pendientes-llave-dorada\/"]}]},{"@type":"ImageObject","inLanguage":"ca","@id":"https:\/\/senseijewels.com\/ca\/joyas\/pendientes-llave-dorada\/#primaryimage","url":"https:\/\/senseijewels.com\/wp-content\/uploads\/2026\/04\/Kagi01.png","contentUrl":"https:\/\/senseijewels.com\/wp-content\/uploads\/2026\/04\/Kagi01.png","caption":"Pendientes Llave Espada"},{"@type":"BreadcrumbList","@id":"https:\/\/senseijewels.com\/ca\/joyas\/pendientes-llave-dorada\/#breadcrumb","itemListElement":[{"@type":"ListItem","position":1,"name":"Portada","item":"https:\/\/senseijewels.com\/ca\/home\/"},{"@type":"ListItem","position":2,"name":"Joies","item":"https:\/\/senseijewels.com\/ca\/shop\/"},{"@type":"ListItem","position":3,"name":"Pendientes Llave Dorada"}]},{"@type":"WebSite","@id":"https:\/\/senseijewels.com\/ca\/#website","url":"https:\/\/senseijewels.com\/ca\/","name":"Sensei Jewels","description":"Joyas frikis artesanales inspiradas en manga, anime y videojuegos. Handmade geek jewelry desde Jap\u00f3n con amor.","publisher":{"@id":"https:\/\/senseijewels.com\/ca\/#organization"},"potentialAction":[{"@type":"SearchAction","target":{"@type":"EntryPoint","urlTemplate":"https:\/\/senseijewels.com\/ca\/?s={search_term_string}"},"query-input":{"@type":"PropertyValueSpecification","valueRequired":true,"valueName":"search_term_string"}}],"inLanguage":"ca"},{"@type":"Organization","@id":"https:\/\/senseijewels.com\/ca\/#organization","name":"Sensei Jewels","url":"https:\/\/senseijewels.com\/ca\/","logo":{"@type":"ImageObject","inLanguage":"ca","@id":"https:\/\/senseijewels.com\/ca\/#\/schema\/logo\/image\/","url":"https:\/\/senseijewels.com\/wp-content\/uploads\/2024\/10\/cropped-logo-sensei.jpg","contentUrl":"https:\/\/senseijewels.com\/wp-content\/uploads\/2024\/10\/cropped-logo-sensei.jpg","width":512,"height":512,"caption":"Sensei Jewels"},"image":{"@id":"https:\/\/senseijewels.com\/ca\/#\/schema\/logo\/image\/"}}]}},"_links":{"self":[{"href":"https:\/\/senseijewels.com\/ca\/wp-json\/wp\/v2\/product\/2892","targetHints":{"allow":["GET"]}}],"collection":[{"href":"https:\/\/senseijewels.com\/ca\/wp-json\/wp\/v2\/product"}],"about":[{"href":"https:\/\/senseijewels.com\/ca\/wp-json\/wp\/v2\/types\/product"}],"replies":[{"embeddable":true,"href":"https:\/\/senseijewels.com\/ca\/wp-json\/wp\/v2\/comments?post=2892"}],"wp:featuredmedia":[{"embeddable":true,"href":"https:\/\/senseijewels.com\/ca\/wp-json\/wp\/v2\/media\/2898"}],"wp:attachment":[{"href":"https:\/\/senseijewels.com\/ca\/wp-json\/wp\/v2\/media?parent=2892"}],"wp:term":[{"taxonomy":"product_brand","embeddable":true,"href":"https:\/\/senseijewels.com\/ca\/wp-json\/wp\/v2\/product_brand?post=2892"},{"taxonomy":"product_cat","embeddable":true,"href":"https:\/\/senseijewels.com\/ca\/wp-json\/wp\/v2\/product_cat?post=2892"},{"taxonomy":"product_tag","embeddable":true,"href":"https:\/\/senseijewels.com\/ca\/wp-json\/wp\/v2\/product_tag?post=2892"}],"curies":[{"name":"wp","href":"https:\/\/api.w.org\/{rel}","templated":true}]}}