{"id":2815,"date":"2025-11-24T18:19:44","date_gmt":"2025-11-24T18:19:44","guid":{"rendered":"https:\/\/senseijewels.com\/?post_type=product&#038;p=2815"},"modified":"2025-11-25T17:23:21","modified_gmt":"2025-11-25T17:23:21","slug":"glinda-ring-copia","status":"publish","type":"product","link":"https:\/\/senseijewels.com\/ca\/joyas\/glinda-ring-copia\/","title":{"rendered":"Wicked Witch Ring"},"content":{"rendered":"<p>Anell inspirat en una bruixa rebel i poderosa d&#8217;un m\u00f3n de fantasia.<\/p>\n<p>Una joia elegante, feta en plata de llei, amb una maragda verda sint\u00e9tica en talla marquise rodejada per zirconites negres. Misteriosa i amb un cor enorme, com la bruixa a la que representa. <\/p>\n<p>Es fa per enc\u00e0rrec, aix\u00ed que est\u00e0 disponible en totes les talles. No oblidis indicar-nos la teva quan facis la comanda! <\/p>\n<h5><\/h5>\n<h5>Preparaci\u00f3 i enviament<\/h5>\n<p>Si tenim unitats disponibles d&#8217;aquest producte, s&#8217;enviar\u00e0 en dos o tres dies. Si no en tenim, el temps de preparaci\u00f3 \u00e9s d&#8217;entre dues i tres setmanes. <\/p>\n<p>Com que totes les nostres joies estan fetes a m\u00e0, si desitgeu modificar-ne algun element, escriviu-nos a sensei.joyas@gmail.com.<\/p>\n<p>&nbsp;<\/p>\n<h5>Sensei Jewels<\/h5>\n<p>A SENSEI JEWELS creem joies frikis fetes a m\u00e0, en plata de llei i or de 18 quilats, amb atenci\u00f3 al detall i molt d&#8217;amor. Ens inspirem en les s\u00e8ries, manga, anime i videojocs que ens apassionen per dissenyar peces \u00faniques, pensades tant per a ocasions especials com per dur en el dia a dia. Volem que les nostres joies siguin tant un homenatge al m\u00f3n friki que estimem com un complement que poder dur per a totes les ocasions.  <\/p>\n","protected":false},"excerpt":{"rendered":"<p>Anell inspirat en una bruixa rebel i poderosa d&#8217;un m\u00f3n de fantasia. Una joia elegante, feta en plata de llei, amb una maragda verda sint\u00e9tica en<span class=\"excerpt-hellip\"> [\u2026]<\/span><\/p>\n","protected":false},"featured_media":2818,"comment_status":"open","ping_status":"closed","template":"","meta":{"om_disable_all_campaigns":false},"product_brand":[744],"product_cat":[374,378,343],"product_tag":[336],"class_list":{"0":"post-2815","1":"product","2":"type-product","3":"status-publish","4":"has-post-thumbnail","6":"product_brand-sensei-jewels","7":"product_cat-anells","8":"product_cat-novetats","9":"product_cat-top-vendes","10":"product_tag-plata-de-llei","12":"first","13":"instock","14":"shipping-taxable","15":"purchasable","16":"product-type-simple"},"yoast_head":"<!-- This site is optimized with the Yoast SEO plugin v27.4 - https:\/\/yoast.com\/product\/yoast-seo-wordpress\/ -->\n<title>Anillo Wicked Witch<\/title>\n<meta name=\"description\" content=\"Wicked Witch Ring, anell en plata de llei amb una maragda sint\u00e8tica talla marquise i zirconites negres. Joieria friki artesanal inspirada en m\u00f3ns de fantasia.\" \/>\n<meta name=\"robots\" content=\"index, follow, max-snippet:-1, max-image-preview:large, max-video-preview:-1\" \/>\n<link rel=\"canonical\" href=\"https:\/\/senseijewels.com\/ca\/joyas\/glinda-ring-copia\/\" \/>\n<meta property=\"og:locale\" content=\"ca_ES\" \/>\n<meta property=\"og:type\" content=\"article\" \/>\n<meta property=\"og:title\" content=\"Anillo Wicked Witch\" \/>\n<meta property=\"og:description\" content=\"Wicked Witch Ring, anell en plata de llei amb una maragda sint\u00e8tica talla marquise i zirconites negres. Joieria friki artesanal inspirada en m\u00f3ns de fantasia.\" \/>\n<meta property=\"og:url\" content=\"https:\/\/senseijewels.com\/ca\/joyas\/glinda-ring-copia\/\" \/>\n<meta property=\"og:site_name\" content=\"Sensei Jewels\" \/>\n<meta property=\"article:modified_time\" content=\"2025-11-25T17:23:21+00:00\" \/>\n<meta property=\"og:image\" content=\"https:\/\/senseijewels.com\/wp-content\/uploads\/2025\/11\/Elphaba-scaled-e1764008719497.webp\" \/>\n\t<meta property=\"og:image:width\" content=\"2560\" \/>\n\t<meta property=\"og:image:height\" content=\"1707\" \/>\n\t<meta property=\"og:image:type\" content=\"image\/webp\" \/>\n<meta name=\"twitter:card\" content=\"summary_large_image\" \/>\n<meta name=\"twitter:label1\" content=\"Temps estimat de lectura\" \/>\n\t<meta name=\"twitter:data1\" content=\"1 minut\" \/>\n<!-- \/ Yoast SEO plugin. -->","yoast_head_json":{"title":"Anillo Wicked Witch","description":"Wicked Witch Ring, anell en plata de llei amb una maragda sint\u00e8tica talla marquise i zirconites negres. Joieria friki artesanal inspirada en m\u00f3ns de fantasia.","robots":{"index":"index","follow":"follow","max-snippet":"max-snippet:-1","max-image-preview":"max-image-preview:large","max-video-preview":"max-video-preview:-1"},"canonical":"https:\/\/senseijewels.com\/ca\/joyas\/glinda-ring-copia\/","og_locale":"ca_ES","og_type":"article","og_title":"Anillo Wicked Witch","og_description":"Wicked Witch Ring, anell en plata de llei amb una maragda sint\u00e8tica talla marquise i zirconites negres. Joieria friki artesanal inspirada en m\u00f3ns de fantasia.","og_url":"https:\/\/senseijewels.com\/ca\/joyas\/glinda-ring-copia\/","og_site_name":"Sensei Jewels","article_modified_time":"2025-11-25T17:23:21+00:00","og_image":[{"width":2560,"height":1707,"url":"https:\/\/senseijewels.com\/wp-content\/uploads\/2025\/11\/Elphaba-scaled-e1764008719497.webp","type":"image\/webp"}],"twitter_card":"summary_large_image","twitter_misc":{"Temps estimat de lectura":"1 minut"},"schema":{"@context":"https:\/\/schema.org","@graph":[{"@type":"WebPage","@id":"https:\/\/senseijewels.com\/ca\/joyas\/glinda-ring-copia\/","url":"https:\/\/senseijewels.com\/ca\/joyas\/glinda-ring-copia\/","name":"Anillo Wicked Witch","isPartOf":{"@id":"https:\/\/senseijewels.com\/ca\/#website"},"primaryImageOfPage":{"@id":"https:\/\/senseijewels.com\/ca\/joyas\/glinda-ring-copia\/#primaryimage"},"image":{"@id":"https:\/\/senseijewels.com\/ca\/joyas\/glinda-ring-copia\/#primaryimage"},"thumbnailUrl":"https:\/\/senseijewels.com\/wp-content\/uploads\/2025\/11\/Elphaba-scaled-e1764008719497.webp","datePublished":"2025-11-24T18:19:44+00:00","dateModified":"2025-11-25T17:23:21+00:00","description":"Wicked Witch Ring, anell en plata de llei amb una maragda sint\u00e8tica talla marquise i zirconites negres. Joieria friki artesanal inspirada en m\u00f3ns de fantasia.","breadcrumb":{"@id":"https:\/\/senseijewels.com\/ca\/joyas\/glinda-ring-copia\/#breadcrumb"},"inLanguage":"ca","potentialAction":[{"@type":"ReadAction","target":["https:\/\/senseijewels.com\/ca\/joyas\/glinda-ring-copia\/"]}]},{"@type":"ImageObject","inLanguage":"ca","@id":"https:\/\/senseijewels.com\/ca\/joyas\/glinda-ring-copia\/#primaryimage","url":"https:\/\/senseijewels.com\/wp-content\/uploads\/2025\/11\/Elphaba-scaled-e1764008719497.webp","contentUrl":"https:\/\/senseijewels.com\/wp-content\/uploads\/2025\/11\/Elphaba-scaled-e1764008719497.webp","width":2560,"height":1707,"caption":"Anell en plata de llei amb una maragda inspirat en Elphaba de Wicked"},{"@type":"BreadcrumbList","@id":"https:\/\/senseijewels.com\/ca\/joyas\/glinda-ring-copia\/#breadcrumb","itemListElement":[{"@type":"ListItem","position":1,"name":"Portada","item":"https:\/\/senseijewels.com\/ca\/home\/"},{"@type":"ListItem","position":2,"name":"Joies","item":"https:\/\/senseijewels.com\/ca\/shop\/"},{"@type":"ListItem","position":3,"name":"Wicked Witch Ring"}]},{"@type":"WebSite","@id":"https:\/\/senseijewels.com\/ca\/#website","url":"https:\/\/senseijewels.com\/ca\/","name":"Sensei Jewels","description":"Joyas frikis artesanales inspiradas en manga, anime y videojuegos. Handmade geek jewelry desde Jap\u00f3n con amor.","publisher":{"@id":"https:\/\/senseijewels.com\/ca\/#organization"},"potentialAction":[{"@type":"SearchAction","target":{"@type":"EntryPoint","urlTemplate":"https:\/\/senseijewels.com\/ca\/?s={search_term_string}"},"query-input":{"@type":"PropertyValueSpecification","valueRequired":true,"valueName":"search_term_string"}}],"inLanguage":"ca"},{"@type":"Organization","@id":"https:\/\/senseijewels.com\/ca\/#organization","name":"Sensei Jewels","url":"https:\/\/senseijewels.com\/ca\/","logo":{"@type":"ImageObject","inLanguage":"ca","@id":"https:\/\/senseijewels.com\/ca\/#\/schema\/logo\/image\/","url":"https:\/\/senseijewels.com\/wp-content\/uploads\/2024\/10\/cropped-logo-sensei.jpg","contentUrl":"https:\/\/senseijewels.com\/wp-content\/uploads\/2024\/10\/cropped-logo-sensei.jpg","width":512,"height":512,"caption":"Sensei Jewels"},"image":{"@id":"https:\/\/senseijewels.com\/ca\/#\/schema\/logo\/image\/"}}]}},"_links":{"self":[{"href":"https:\/\/senseijewels.com\/ca\/wp-json\/wp\/v2\/product\/2815","targetHints":{"allow":["GET"]}}],"collection":[{"href":"https:\/\/senseijewels.com\/ca\/wp-json\/wp\/v2\/product"}],"about":[{"href":"https:\/\/senseijewels.com\/ca\/wp-json\/wp\/v2\/types\/product"}],"replies":[{"embeddable":true,"href":"https:\/\/senseijewels.com\/ca\/wp-json\/wp\/v2\/comments?post=2815"}],"wp:featuredmedia":[{"embeddable":true,"href":"https:\/\/senseijewels.com\/ca\/wp-json\/wp\/v2\/media\/2818"}],"wp:attachment":[{"href":"https:\/\/senseijewels.com\/ca\/wp-json\/wp\/v2\/media?parent=2815"}],"wp:term":[{"taxonomy":"product_brand","embeddable":true,"href":"https:\/\/senseijewels.com\/ca\/wp-json\/wp\/v2\/product_brand?post=2815"},{"taxonomy":"product_cat","embeddable":true,"href":"https:\/\/senseijewels.com\/ca\/wp-json\/wp\/v2\/product_cat?post=2815"},{"taxonomy":"product_tag","embeddable":true,"href":"https:\/\/senseijewels.com\/ca\/wp-json\/wp\/v2\/product_tag?post=2815"}],"curies":[{"name":"wp","href":"https:\/\/api.w.org\/{rel}","templated":true}]}}