{"id":2439,"date":"2025-01-07T16:36:55","date_gmt":"2025-01-07T16:36:55","guid":{"rendered":"https:\/\/senseijewels.com\/joyas\/anell-malefic\/"},"modified":"2025-01-07T16:36:55","modified_gmt":"2025-01-07T16:36:55","slug":"anell-malefic","status":"publish","type":"product","link":"https:\/\/senseijewels.com\/ca\/joyas\/anell-malefic\/","title":{"rendered":"Anell Mal\u00e8fic"},"content":{"rendered":"<p>Aquest anell est\u00e0 inspirat en la dolenta per excel\u00b7l\u00e8ncia de Disney. Fet a m\u00e0 en plata de llei, la pedra central \u00e9s una crisoprasa en talla cabuix\u00f3 d&#8217;1 cm. de di\u00e0metre. Disponible en totes les talles.  <\/p>\n<section class=\"section mcb-section the_content has_content\">\n<div class=\"section_wrapper\">\n<div class=\"the_content_wrapper \">\n<p>&nbsp;<\/p>\n<h5>Preparaci\u00f3 i enviament<\/h5>\n<p>Si tenim unitats disponibles d&#8217;aquest producte, s&#8217;enviar\u00e0 en dos o tres dies. Si no en tenim, el temps de preparaci\u00f3 \u00e9s d&#8217;entre dues i tres setmanes. <\/p>\n<p>Com que totes les nostres joies estan fetes a m\u00e0, si desitgeu modificar-ne algun element, escriviu-nos a sensei.joyas@gmail.com.<\/p>\n<p>&nbsp;<\/p>\n<h5>Sensei Jewels<\/h5>\n<p>A SENSEI JEWELS creem joies frikis fetes a m\u00e0, en plata de llei i or de 18 quilats, amb atenci\u00f3 al detall i molt d&#8217;amor. Ens inspirem en les s\u00e8ries, manga, anime i videojocs que ens apassionen per dissenyar peces \u00faniques, pensades tant per a ocasions especials com per dur en el dia a dia. Volem que les nostres joies siguin tant un homenatge al m\u00f3n friki que estimem com un complement que poder dur per a totes les ocasions.  <\/p>\n<\/div>\n<\/div>\n<\/section>\n<p>&nbsp;<\/p>\n","protected":false},"excerpt":{"rendered":"<p>Aquest anell est\u00e0 inspirat en la dolenta per excel\u00b7l\u00e8ncia de Disney. Fet a m\u00e0 en plata de llei, la pedra central \u00e9s una crisoprasa en talla<span class=\"excerpt-hellip\"> [\u2026]<\/span><\/p>\n","protected":false},"featured_media":1038,"comment_status":"closed","ping_status":"closed","template":"","meta":{"om_disable_all_campaigns":false},"product_brand":[],"product_cat":[374],"product_tag":[410,437,336],"class_list":{"0":"post-2439","1":"product","2":"type-product","3":"status-publish","4":"has-post-thumbnail","6":"product_cat-anells","7":"product_tag-crisoprasa-ca","8":"product_tag-pellicules","9":"product_tag-plata-de-llei","11":"first","12":"instock","13":"shipping-taxable","14":"purchasable","15":"product-type-simple"},"yoast_head":"<!-- This site is optimized with the Yoast SEO plugin v27.3 - https:\/\/yoast.com\/product\/yoast-seo-wordpress\/ -->\n<title>Anell Mal\u00e8fic friki artesanal - Sensei Jewels<\/title>\n<meta name=\"description\" content=\"Anell inspirat en la dolenta per excel\u00b7l\u00e8ncia, fet a m\u00e0 amb un afecte enorme. Una aut\u00e8ntica joia friki i tamb\u00e9 un anell espectacular.\" \/>\n<meta name=\"robots\" content=\"index, follow, max-snippet:-1, max-image-preview:large, max-video-preview:-1\" \/>\n<link rel=\"canonical\" href=\"https:\/\/senseijewels.com\/ca\/joyas\/anell-malefic\/\" \/>\n<meta property=\"og:locale\" content=\"ca_ES\" \/>\n<meta property=\"og:type\" content=\"article\" \/>\n<meta property=\"og:title\" content=\"Anell Mal\u00e8fic friki artesanal - Sensei Jewels\" \/>\n<meta property=\"og:description\" content=\"Anell inspirat en la dolenta per excel\u00b7l\u00e8ncia, fet a m\u00e0 amb un afecte enorme. Una aut\u00e8ntica joia friki i tamb\u00e9 un anell espectacular.\" \/>\n<meta property=\"og:url\" content=\"https:\/\/senseijewels.com\/ca\/joyas\/anell-malefic\/\" \/>\n<meta property=\"og:site_name\" content=\"Sensei Jewels\" \/>\n<meta property=\"og:image\" content=\"https:\/\/senseijewels.com\/wp-content\/uploads\/2025\/01\/03.jpg\" \/>\n\t<meta property=\"og:image:width\" content=\"1920\" \/>\n\t<meta property=\"og:image:height\" content=\"1280\" \/>\n\t<meta property=\"og:image:type\" content=\"image\/jpeg\" \/>\n<meta name=\"twitter:card\" content=\"summary_large_image\" \/>\n<meta name=\"twitter:label1\" content=\"Temps estimat de lectura\" \/>\n\t<meta name=\"twitter:data1\" content=\"1 minut\" \/>\n<!-- \/ Yoast SEO plugin. -->","yoast_head_json":{"title":"Anell Mal\u00e8fic friki artesanal - Sensei Jewels","description":"Anell inspirat en la dolenta per excel\u00b7l\u00e8ncia, fet a m\u00e0 amb un afecte enorme. Una aut\u00e8ntica joia friki i tamb\u00e9 un anell espectacular.","robots":{"index":"index","follow":"follow","max-snippet":"max-snippet:-1","max-image-preview":"max-image-preview:large","max-video-preview":"max-video-preview:-1"},"canonical":"https:\/\/senseijewels.com\/ca\/joyas\/anell-malefic\/","og_locale":"ca_ES","og_type":"article","og_title":"Anell Mal\u00e8fic friki artesanal - Sensei Jewels","og_description":"Anell inspirat en la dolenta per excel\u00b7l\u00e8ncia, fet a m\u00e0 amb un afecte enorme. Una aut\u00e8ntica joia friki i tamb\u00e9 un anell espectacular.","og_url":"https:\/\/senseijewels.com\/ca\/joyas\/anell-malefic\/","og_site_name":"Sensei Jewels","og_image":[{"width":1920,"height":1280,"url":"https:\/\/senseijewels.com\/wp-content\/uploads\/2025\/01\/03.jpg","type":"image\/jpeg"}],"twitter_card":"summary_large_image","twitter_misc":{"Temps estimat de lectura":"1 minut"},"schema":{"@context":"https:\/\/schema.org","@graph":[{"@type":"WebPage","@id":"https:\/\/senseijewels.com\/ca\/joyas\/anell-malefic\/","url":"https:\/\/senseijewels.com\/ca\/joyas\/anell-malefic\/","name":"Anell Mal\u00e8fic friki artesanal - Sensei Jewels","isPartOf":{"@id":"https:\/\/senseijewels.com\/ca\/#website"},"primaryImageOfPage":{"@id":"https:\/\/senseijewels.com\/ca\/joyas\/anell-malefic\/#primaryimage"},"image":{"@id":"https:\/\/senseijewels.com\/ca\/joyas\/anell-malefic\/#primaryimage"},"thumbnailUrl":"https:\/\/senseijewels.com\/wp-content\/uploads\/2025\/01\/03.jpg","datePublished":"2025-01-07T16:36:55+00:00","description":"Anell inspirat en la dolenta per excel\u00b7l\u00e8ncia, fet a m\u00e0 amb un afecte enorme. Una aut\u00e8ntica joia friki i tamb\u00e9 un anell espectacular.","breadcrumb":{"@id":"https:\/\/senseijewels.com\/ca\/joyas\/anell-malefic\/#breadcrumb"},"inLanguage":"ca","potentialAction":[{"@type":"ReadAction","target":["https:\/\/senseijewels.com\/ca\/joyas\/anell-malefic\/"]}]},{"@type":"ImageObject","inLanguage":"ca","@id":"https:\/\/senseijewels.com\/ca\/joyas\/anell-malefic\/#primaryimage","url":"https:\/\/senseijewels.com\/wp-content\/uploads\/2025\/01\/03.jpg","contentUrl":"https:\/\/senseijewels.com\/wp-content\/uploads\/2025\/01\/03.jpg","width":1920,"height":1280,"caption":"Anell en plata de llei amb crisoprasa natural al centre"},{"@type":"BreadcrumbList","@id":"https:\/\/senseijewels.com\/ca\/joyas\/anell-malefic\/#breadcrumb","itemListElement":[{"@type":"ListItem","position":1,"name":"Portada","item":"https:\/\/senseijewels.com\/ca\/home\/"},{"@type":"ListItem","position":2,"name":"Joies","item":"https:\/\/senseijewels.com\/ca\/shop\/"},{"@type":"ListItem","position":3,"name":"Anell Mal\u00e8fic"}]},{"@type":"WebSite","@id":"https:\/\/senseijewels.com\/ca\/#website","url":"https:\/\/senseijewels.com\/ca\/","name":"Sensei Jewels","description":"Joyas frikis artesanales inspiradas en manga, anime y videojuegos. Handmade geek jewelry desde Jap\u00f3n con amor.","publisher":{"@id":"https:\/\/senseijewels.com\/ca\/#organization"},"potentialAction":[{"@type":"SearchAction","target":{"@type":"EntryPoint","urlTemplate":"https:\/\/senseijewels.com\/ca\/?s={search_term_string}"},"query-input":{"@type":"PropertyValueSpecification","valueRequired":true,"valueName":"search_term_string"}}],"inLanguage":"ca"},{"@type":"Organization","@id":"https:\/\/senseijewels.com\/ca\/#organization","name":"Sensei Jewels","url":"https:\/\/senseijewels.com\/ca\/","logo":{"@type":"ImageObject","inLanguage":"ca","@id":"https:\/\/senseijewels.com\/ca\/#\/schema\/logo\/image\/","url":"https:\/\/senseijewels.com\/wp-content\/uploads\/2024\/10\/cropped-logo-sensei.jpg","contentUrl":"https:\/\/senseijewels.com\/wp-content\/uploads\/2024\/10\/cropped-logo-sensei.jpg","width":512,"height":512,"caption":"Sensei Jewels"},"image":{"@id":"https:\/\/senseijewels.com\/ca\/#\/schema\/logo\/image\/"}}]}},"_links":{"self":[{"href":"https:\/\/senseijewels.com\/ca\/wp-json\/wp\/v2\/product\/2439","targetHints":{"allow":["GET"]}}],"collection":[{"href":"https:\/\/senseijewels.com\/ca\/wp-json\/wp\/v2\/product"}],"about":[{"href":"https:\/\/senseijewels.com\/ca\/wp-json\/wp\/v2\/types\/product"}],"replies":[{"embeddable":true,"href":"https:\/\/senseijewels.com\/ca\/wp-json\/wp\/v2\/comments?post=2439"}],"wp:featuredmedia":[{"embeddable":true,"href":"https:\/\/senseijewels.com\/ca\/wp-json\/wp\/v2\/media\/1038"}],"wp:attachment":[{"href":"https:\/\/senseijewels.com\/ca\/wp-json\/wp\/v2\/media?parent=2439"}],"wp:term":[{"taxonomy":"product_brand","embeddable":true,"href":"https:\/\/senseijewels.com\/ca\/wp-json\/wp\/v2\/product_brand?post=2439"},{"taxonomy":"product_cat","embeddable":true,"href":"https:\/\/senseijewels.com\/ca\/wp-json\/wp\/v2\/product_cat?post=2439"},{"taxonomy":"product_tag","embeddable":true,"href":"https:\/\/senseijewels.com\/ca\/wp-json\/wp\/v2\/product_tag?post=2439"}],"curies":[{"name":"wp","href":"https:\/\/api.w.org\/{rel}","templated":true}]}}