{"id":1865,"date":"2025-01-13T11:07:44","date_gmt":"2025-01-13T11:07:44","guid":{"rendered":"https:\/\/senseijewels.com\/joyas\/sakura-ring\/"},"modified":"2025-03-21T10:58:40","modified_gmt":"2025-03-21T10:58:40","slug":"sakura-ring","status":"publish","type":"product","link":"https:\/\/senseijewels.com\/ca\/joyas\/sakura-ring\/","title":{"rendered":"Sakura Ring"},"content":{"rendered":"<p>Anell de plata que simbolitza una flor de cirerer, les flors m\u00e9s apreciades en la cultura japonesa. Ho s\u00f3n tant que cada any multitud de persones es reuneixen per contemplar la floraci\u00f3 dels cirerers (normalment entre finals de mar\u00e7 i comen\u00e7aments d\u2019abril). L\u2019anell porta cinc robins sint\u00e8tics que representen els p\u00e8tals i una circonita blanca al centre. Fet a m\u00e0 en plata de llei, si us interessa modificar alguna pedra (per exemple, amb un diamant al centre, o turmalines roses en comptes de robins), escriviu-nos sense cap problema! Disponible en totes les talles.    <\/p>\n<p>&nbsp;<\/p>\n<section class=\"section mcb-section the_content has_content\">\n<div class=\"section_wrapper\">\n<div class=\"the_content_wrapper \">\n<h5>Preparaci\u00f3 i enviament<\/h5>\n<p>Si tenim unitats disponibles d&#8217;aquest producte, s&#8217;enviar\u00e0 en dos o tres dies. Si no en tenim, el temps de preparaci\u00f3 \u00e9s d&#8217;entre dues i tres setmanes. <\/p>\n<p>Com que totes les nostres joies estan fetes a m\u00e0, si desitgeu modificar-ne algun element, escriviu-nos a sensei.joyas@gmail.com.<\/p>\n<p>&nbsp;<\/p>\n<h5>Sensei Jewels<\/h5>\n<p>A SENSEI JEWELS creem joies frikis fetes a m\u00e0, en plata de llei i or de 18 quilats, amb atenci\u00f3 al detall i molt d&#8217;amor. Ens inspirem en les s\u00e8ries, manga, anime i videojocs que ens apassionen per dissenyar peces \u00faniques, pensades tant per a ocasions especials com per dur en el dia a dia. Volem que les nostres joies siguin tant un homenatge al m\u00f3n friki que estimem com un complement que poder dur per a totes les ocasions.  <\/p>\n<\/div>\n<\/div>\n<\/section>\n","protected":false},"excerpt":{"rendered":"<p>Anell de plata que simbolitza una flor de cirerer, les flors m\u00e9s apreciades en la cultura japonesa. Ho s\u00f3n tant que cada any multitud de persones<span class=\"excerpt-hellip\"> [\u2026]<\/span><\/p>\n","protected":false},"featured_media":1321,"comment_status":"closed","ping_status":"closed","template":"","meta":{"om_disable_all_campaigns":false},"product_brand":[],"product_cat":[374,343],"product_tag":[404,421,336,460],"class_list":{"0":"post-1865","1":"product","2":"type-product","3":"status-publish","4":"has-post-thumbnail","6":"product_cat-anells","7":"product_cat-top-vendes","8":"product_tag-circonita-ca","9":"product_tag-japo","10":"product_tag-plata-de-llei","11":"product_tag-sakura-ca","13":"first","14":"instock","15":"shipping-taxable","16":"purchasable","17":"product-type-simple"},"yoast_head":"<!-- This site is optimized with the Yoast SEO plugin v27.6 - https:\/\/yoast.com\/product\/yoast-seo-wordpress\/ -->\n<title>Sakura Ring friki artesanal - Sensei Jewels<\/title>\n<meta name=\"description\" content=\"Una delicada flor de cirerer que podr\u00e0s portar amb tu a tot arreu. Fet en plata de llei i amb rub\u00eds sint\u00e8tics, un trosset del Jap\u00f3 a la m\u00e0.\" \/>\n<meta name=\"robots\" content=\"index, follow, max-snippet:-1, max-image-preview:large, max-video-preview:-1\" \/>\n<link rel=\"canonical\" href=\"https:\/\/senseijewels.com\/ca\/joyas\/sakura-ring\/\" \/>\n<meta property=\"og:locale\" content=\"ca_ES\" \/>\n<meta property=\"og:type\" content=\"article\" \/>\n<meta property=\"og:title\" content=\"Sakura Ring friki artesanal - Sensei Jewels\" \/>\n<meta property=\"og:description\" content=\"Una delicada flor de cirerer que podr\u00e0s portar amb tu a tot arreu. Fet en plata de llei i amb rub\u00eds sint\u00e8tics, un trosset del Jap\u00f3 a la m\u00e0.\" \/>\n<meta property=\"og:url\" content=\"https:\/\/senseijewels.com\/ca\/joyas\/sakura-ring\/\" \/>\n<meta property=\"og:site_name\" content=\"Sensei Jewels\" \/>\n<meta property=\"article:modified_time\" content=\"2025-03-21T10:58:40+00:00\" \/>\n<meta property=\"og:image\" content=\"https:\/\/senseijewels.com\/wp-content\/uploads\/2025\/01\/SakuraRing02.jpeg\" \/>\n\t<meta property=\"og:image:width\" content=\"2000\" \/>\n\t<meta property=\"og:image:height\" content=\"1333\" \/>\n\t<meta property=\"og:image:type\" content=\"image\/jpeg\" \/>\n<meta name=\"twitter:card\" content=\"summary_large_image\" \/>\n<meta name=\"twitter:label1\" content=\"Temps estimat de lectura\" \/>\n\t<meta name=\"twitter:data1\" content=\"1 minut\" \/>\n<!-- \/ Yoast SEO plugin. -->","yoast_head_json":{"title":"Sakura Ring friki artesanal - Sensei Jewels","description":"Una delicada flor de cirerer que podr\u00e0s portar amb tu a tot arreu. Fet en plata de llei i amb rub\u00eds sint\u00e8tics, un trosset del Jap\u00f3 a la m\u00e0.","robots":{"index":"index","follow":"follow","max-snippet":"max-snippet:-1","max-image-preview":"max-image-preview:large","max-video-preview":"max-video-preview:-1"},"canonical":"https:\/\/senseijewels.com\/ca\/joyas\/sakura-ring\/","og_locale":"ca_ES","og_type":"article","og_title":"Sakura Ring friki artesanal - Sensei Jewels","og_description":"Una delicada flor de cirerer que podr\u00e0s portar amb tu a tot arreu. Fet en plata de llei i amb rub\u00eds sint\u00e8tics, un trosset del Jap\u00f3 a la m\u00e0.","og_url":"https:\/\/senseijewels.com\/ca\/joyas\/sakura-ring\/","og_site_name":"Sensei Jewels","article_modified_time":"2025-03-21T10:58:40+00:00","og_image":[{"width":2000,"height":1333,"url":"https:\/\/senseijewels.com\/wp-content\/uploads\/2025\/01\/SakuraRing02.jpeg","type":"image\/jpeg"}],"twitter_card":"summary_large_image","twitter_misc":{"Temps estimat de lectura":"1 minut"},"schema":{"@context":"https:\/\/schema.org","@graph":[{"@type":"WebPage","@id":"https:\/\/senseijewels.com\/ca\/joyas\/sakura-ring\/","url":"https:\/\/senseijewels.com\/ca\/joyas\/sakura-ring\/","name":"Sakura Ring friki artesanal - Sensei Jewels","isPartOf":{"@id":"https:\/\/senseijewels.com\/ca\/#website"},"primaryImageOfPage":{"@id":"https:\/\/senseijewels.com\/ca\/joyas\/sakura-ring\/#primaryimage"},"image":{"@id":"https:\/\/senseijewels.com\/ca\/joyas\/sakura-ring\/#primaryimage"},"thumbnailUrl":"https:\/\/senseijewels.com\/wp-content\/uploads\/2025\/01\/SakuraRing02.jpeg","datePublished":"2025-01-13T11:07:44+00:00","dateModified":"2025-03-21T10:58:40+00:00","description":"Una delicada flor de cirerer que podr\u00e0s portar amb tu a tot arreu. Fet en plata de llei i amb rub\u00eds sint\u00e8tics, un trosset del Jap\u00f3 a la m\u00e0.","breadcrumb":{"@id":"https:\/\/senseijewels.com\/ca\/joyas\/sakura-ring\/#breadcrumb"},"inLanguage":"ca","potentialAction":[{"@type":"ReadAction","target":["https:\/\/senseijewels.com\/ca\/joyas\/sakura-ring\/"]}]},{"@type":"ImageObject","inLanguage":"ca","@id":"https:\/\/senseijewels.com\/ca\/joyas\/sakura-ring\/#primaryimage","url":"https:\/\/senseijewels.com\/wp-content\/uploads\/2025\/01\/SakuraRing02.jpeg","contentUrl":"https:\/\/senseijewels.com\/wp-content\/uploads\/2025\/01\/SakuraRing02.jpeg","width":2000,"height":1333,"caption":"Anell amb una flor de sakura fet a m\u00e0"},{"@type":"BreadcrumbList","@id":"https:\/\/senseijewels.com\/ca\/joyas\/sakura-ring\/#breadcrumb","itemListElement":[{"@type":"ListItem","position":1,"name":"Portada","item":"https:\/\/senseijewels.com\/ca\/home\/"},{"@type":"ListItem","position":2,"name":"Joies","item":"https:\/\/senseijewels.com\/ca\/shop\/"},{"@type":"ListItem","position":3,"name":"Sakura Ring"}]},{"@type":"WebSite","@id":"https:\/\/senseijewels.com\/ca\/#website","url":"https:\/\/senseijewels.com\/ca\/","name":"Sensei Jewels","description":"Joyas frikis artesanales inspiradas en manga, anime y videojuegos. Handmade geek jewelry desde Jap\u00f3n con amor.","publisher":{"@id":"https:\/\/senseijewels.com\/ca\/#organization"},"potentialAction":[{"@type":"SearchAction","target":{"@type":"EntryPoint","urlTemplate":"https:\/\/senseijewels.com\/ca\/?s={search_term_string}"},"query-input":{"@type":"PropertyValueSpecification","valueRequired":true,"valueName":"search_term_string"}}],"inLanguage":"ca"},{"@type":"Organization","@id":"https:\/\/senseijewels.com\/ca\/#organization","name":"Sensei Jewels","url":"https:\/\/senseijewels.com\/ca\/","logo":{"@type":"ImageObject","inLanguage":"ca","@id":"https:\/\/senseijewels.com\/ca\/#\/schema\/logo\/image\/","url":"https:\/\/senseijewels.com\/wp-content\/uploads\/2024\/10\/cropped-logo-sensei.jpg","contentUrl":"https:\/\/senseijewels.com\/wp-content\/uploads\/2024\/10\/cropped-logo-sensei.jpg","width":512,"height":512,"caption":"Sensei Jewels"},"image":{"@id":"https:\/\/senseijewels.com\/ca\/#\/schema\/logo\/image\/"}}]}},"_links":{"self":[{"href":"https:\/\/senseijewels.com\/ca\/wp-json\/wp\/v2\/product\/1865","targetHints":{"allow":["GET"]}}],"collection":[{"href":"https:\/\/senseijewels.com\/ca\/wp-json\/wp\/v2\/product"}],"about":[{"href":"https:\/\/senseijewels.com\/ca\/wp-json\/wp\/v2\/types\/product"}],"replies":[{"embeddable":true,"href":"https:\/\/senseijewels.com\/ca\/wp-json\/wp\/v2\/comments?post=1865"}],"wp:featuredmedia":[{"embeddable":true,"href":"https:\/\/senseijewels.com\/ca\/wp-json\/wp\/v2\/media\/1321"}],"wp:attachment":[{"href":"https:\/\/senseijewels.com\/ca\/wp-json\/wp\/v2\/media?parent=1865"}],"wp:term":[{"taxonomy":"product_brand","embeddable":true,"href":"https:\/\/senseijewels.com\/ca\/wp-json\/wp\/v2\/product_brand?post=1865"},{"taxonomy":"product_cat","embeddable":true,"href":"https:\/\/senseijewels.com\/ca\/wp-json\/wp\/v2\/product_cat?post=1865"},{"taxonomy":"product_tag","embeddable":true,"href":"https:\/\/senseijewels.com\/ca\/wp-json\/wp\/v2\/product_tag?post=1865"}],"curies":[{"name":"wp","href":"https:\/\/api.w.org\/{rel}","templated":true}]}}