{"id":1680,"date":"2024-12-23T12:21:07","date_gmt":"2024-12-23T12:21:07","guid":{"rendered":"https:\/\/senseijewels.com\/joyas\/darkness-within\/"},"modified":"2025-03-20T16:23:12","modified_gmt":"2025-03-20T16:23:12","slug":"darkness-within","status":"publish","type":"product","link":"https:\/\/senseijewels.com\/ca\/joyas\/darkness-within\/","title":{"rendered":"Darkness Within"},"content":{"rendered":"<p>Arracades de c\u00e8rcol amb el s\u00edmbol d&#8217;un cor capgirat, un cor que ha perdut la llum i ha caigut en la foscor. Fets a m\u00e0 en plata de llei, cada charm fa 0.8 cm. d&#8217;alt i 0.6 cm. d&#8217;ample. <\/p>\n<p>Tamb\u00e9 disponibles, a la mateixa col\u00b7lecci\u00f3, els <a href=\"https:\/\/senseijewels.com\/joyas\/pendientes-darkness-within-de-boton\/\">Darkness Within<\/a> (de bot\u00f3) i l&#8217;anell <a href=\"https:\/\/senseijewels.com\/joyas\/anillo-darkness-within\/\">Darkness Within<\/a>.<\/p>\n<p>&nbsp;<\/p>\n<section class=\"section mcb-section the_content has_content\">\n<div class=\"section_wrapper\">\n<div class=\"the_content_wrapper \">\n<h5>Preparaci\u00f3 i enviament<\/h5>\n<p>Si tenim unitats disponibles d&#8217;aquest producte, s&#8217;enviar\u00e0 en dos o tres dies. Si no en tenim, el temps de preparaci\u00f3 \u00e9s d&#8217;entre dues i tres setmanes. <\/p>\n<p>Com que totes les nostres joies estan fetes a m\u00e0, si desitgeu modificar-ne algun element, escriviu-nos a sensei.joyas@gmail.com.<\/p>\n<p>&nbsp;<\/p>\n<h5>Sensei Jewels<\/h5>\n<p>A SENSEI JEWELS creem joies frikis fetes a m\u00e0, en plata de llei i or de 18 quilats, amb atenci\u00f3 al detall i molt d&#8217;amor. Ens inspirem en les s\u00e8ries, manga, anime i videojocs que ens apassionen per dissenyar peces \u00faniques, pensades tant per a ocasions especials com per dur en el dia a dia. Volem que les nostres joies siguin tant un homenatge al m\u00f3n friki que estimem com un complement que poder dur per a totes les ocasions.  <\/p>\n<\/div>\n<\/div>\n<\/section>\n<p>&nbsp;<\/p>\n","protected":false},"excerpt":{"rendered":"<p>Arracades de c\u00e8rcol amb el s\u00edmbol d&#8217;un cor capgirat, un cor que ha perdut la llum i ha caigut en la foscor. Fets a m\u00e0 en<span class=\"excerpt-hellip\"> [\u2026]<\/span><\/p>\n","protected":false},"featured_media":724,"comment_status":"closed","ping_status":"closed","template":"","meta":{"om_disable_all_campaigns":false},"product_brand":[],"product_cat":[334],"product_tag":[337,412,335,336,339],"class_list":{"0":"post-1680","1":"product","2":"type-product","3":"status-publish","4":"has-post-thumbnail","6":"product_cat-arracades","7":"product_tag-arracades-de-cercol","8":"product_tag-darkness-within-ca","9":"product_tag-kh-ca","10":"product_tag-plata-de-llei","11":"product_tag-videojocs","13":"first","14":"instock","15":"shipping-taxable","16":"purchasable","17":"product-type-variable","18":"has-default-attributes"},"yoast_head":"<!-- This site is optimized with the Yoast SEO plugin v27.4 - https:\/\/yoast.com\/product\/yoast-seo-wordpress\/ -->\n<title>Darkness Within friki artesanal - Sensei Jewels<\/title>\n<meta name=\"description\" content=\"Arracades amb el s\u00edmbol d\u2019un cor invertit, un cor que ha perdut la llum. Joieria friki feta a m\u00e0 inspirada en anime, manga i videojocs.\" \/>\n<meta name=\"robots\" content=\"index, follow, max-snippet:-1, max-image-preview:large, max-video-preview:-1\" \/>\n<link rel=\"canonical\" href=\"https:\/\/senseijewels.com\/ca\/joyas\/darkness-within\/\" \/>\n<meta property=\"og:locale\" content=\"ca_ES\" \/>\n<meta property=\"og:type\" content=\"article\" \/>\n<meta property=\"og:title\" content=\"Darkness Within friki artesanal - Sensei Jewels\" \/>\n<meta property=\"og:description\" content=\"Arracades amb el s\u00edmbol d\u2019un cor invertit, un cor que ha perdut la llum. Joieria friki feta a m\u00e0 inspirada en anime, manga i videojocs.\" \/>\n<meta property=\"og:url\" content=\"https:\/\/senseijewels.com\/ca\/joyas\/darkness-within\/\" \/>\n<meta property=\"og:site_name\" content=\"Sensei Jewels\" \/>\n<meta property=\"article:modified_time\" content=\"2025-03-20T16:23:12+00:00\" \/>\n<meta property=\"og:image\" content=\"https:\/\/senseijewels.com\/wp-content\/uploads\/2024\/12\/A02-scaled.jpg\" \/>\n\t<meta property=\"og:image:width\" content=\"2560\" \/>\n\t<meta property=\"og:image:height\" content=\"1806\" \/>\n\t<meta property=\"og:image:type\" content=\"image\/jpeg\" \/>\n<meta name=\"twitter:card\" content=\"summary_large_image\" \/>\n<meta name=\"twitter:label1\" content=\"Temps estimat de lectura\" \/>\n\t<meta name=\"twitter:data1\" content=\"1 minut\" \/>\n<!-- \/ Yoast SEO plugin. -->","yoast_head_json":{"title":"Darkness Within friki artesanal - Sensei Jewels","description":"Arracades amb el s\u00edmbol d\u2019un cor invertit, un cor que ha perdut la llum. Joieria friki feta a m\u00e0 inspirada en anime, manga i videojocs.","robots":{"index":"index","follow":"follow","max-snippet":"max-snippet:-1","max-image-preview":"max-image-preview:large","max-video-preview":"max-video-preview:-1"},"canonical":"https:\/\/senseijewels.com\/ca\/joyas\/darkness-within\/","og_locale":"ca_ES","og_type":"article","og_title":"Darkness Within friki artesanal - Sensei Jewels","og_description":"Arracades amb el s\u00edmbol d\u2019un cor invertit, un cor que ha perdut la llum. Joieria friki feta a m\u00e0 inspirada en anime, manga i videojocs.","og_url":"https:\/\/senseijewels.com\/ca\/joyas\/darkness-within\/","og_site_name":"Sensei Jewels","article_modified_time":"2025-03-20T16:23:12+00:00","og_image":[{"width":2560,"height":1806,"url":"https:\/\/senseijewels.com\/wp-content\/uploads\/2024\/12\/A02-scaled.jpg","type":"image\/jpeg"}],"twitter_card":"summary_large_image","twitter_misc":{"Temps estimat de lectura":"1 minut"},"schema":{"@context":"https:\/\/schema.org","@graph":[{"@type":"WebPage","@id":"https:\/\/senseijewels.com\/ca\/joyas\/darkness-within\/","url":"https:\/\/senseijewels.com\/ca\/joyas\/darkness-within\/","name":"Darkness Within friki artesanal - Sensei Jewels","isPartOf":{"@id":"https:\/\/senseijewels.com\/ca\/#website"},"primaryImageOfPage":{"@id":"https:\/\/senseijewels.com\/ca\/joyas\/darkness-within\/#primaryimage"},"image":{"@id":"https:\/\/senseijewels.com\/ca\/joyas\/darkness-within\/#primaryimage"},"thumbnailUrl":"https:\/\/senseijewels.com\/wp-content\/uploads\/2024\/12\/A02-scaled.jpg","datePublished":"2024-12-23T12:21:07+00:00","dateModified":"2025-03-20T16:23:12+00:00","description":"Arracades amb el s\u00edmbol d\u2019un cor invertit, un cor que ha perdut la llum. Joieria friki feta a m\u00e0 inspirada en anime, manga i videojocs.","breadcrumb":{"@id":"https:\/\/senseijewels.com\/ca\/joyas\/darkness-within\/#breadcrumb"},"inLanguage":"ca","potentialAction":[{"@type":"ReadAction","target":["https:\/\/senseijewels.com\/ca\/joyas\/darkness-within\/"]}]},{"@type":"ImageObject","inLanguage":"ca","@id":"https:\/\/senseijewels.com\/ca\/joyas\/darkness-within\/#primaryimage","url":"https:\/\/senseijewels.com\/wp-content\/uploads\/2024\/12\/A02-scaled.jpg","contentUrl":"https:\/\/senseijewels.com\/wp-content\/uploads\/2024\/12\/A02-scaled.jpg","width":2560,"height":1806,"caption":"Arracades Darkness Within fetes a m\u00e0 en plata de llei."},{"@type":"BreadcrumbList","@id":"https:\/\/senseijewels.com\/ca\/joyas\/darkness-within\/#breadcrumb","itemListElement":[{"@type":"ListItem","position":1,"name":"Portada","item":"https:\/\/senseijewels.com\/ca\/home\/"},{"@type":"ListItem","position":2,"name":"Joies","item":"https:\/\/senseijewels.com\/ca\/shop\/"},{"@type":"ListItem","position":3,"name":"Darkness Within"}]},{"@type":"WebSite","@id":"https:\/\/senseijewels.com\/ca\/#website","url":"https:\/\/senseijewels.com\/ca\/","name":"Sensei Jewels","description":"Joyas frikis artesanales inspiradas en manga, anime y videojuegos. Handmade geek jewelry desde Jap\u00f3n con amor.","publisher":{"@id":"https:\/\/senseijewels.com\/ca\/#organization"},"potentialAction":[{"@type":"SearchAction","target":{"@type":"EntryPoint","urlTemplate":"https:\/\/senseijewels.com\/ca\/?s={search_term_string}"},"query-input":{"@type":"PropertyValueSpecification","valueRequired":true,"valueName":"search_term_string"}}],"inLanguage":"ca"},{"@type":"Organization","@id":"https:\/\/senseijewels.com\/ca\/#organization","name":"Sensei Jewels","url":"https:\/\/senseijewels.com\/ca\/","logo":{"@type":"ImageObject","inLanguage":"ca","@id":"https:\/\/senseijewels.com\/ca\/#\/schema\/logo\/image\/","url":"https:\/\/senseijewels.com\/wp-content\/uploads\/2024\/10\/cropped-logo-sensei.jpg","contentUrl":"https:\/\/senseijewels.com\/wp-content\/uploads\/2024\/10\/cropped-logo-sensei.jpg","width":512,"height":512,"caption":"Sensei Jewels"},"image":{"@id":"https:\/\/senseijewels.com\/ca\/#\/schema\/logo\/image\/"}}]}},"_links":{"self":[{"href":"https:\/\/senseijewels.com\/ca\/wp-json\/wp\/v2\/product\/1680","targetHints":{"allow":["GET"]}}],"collection":[{"href":"https:\/\/senseijewels.com\/ca\/wp-json\/wp\/v2\/product"}],"about":[{"href":"https:\/\/senseijewels.com\/ca\/wp-json\/wp\/v2\/types\/product"}],"replies":[{"embeddable":true,"href":"https:\/\/senseijewels.com\/ca\/wp-json\/wp\/v2\/comments?post=1680"}],"wp:featuredmedia":[{"embeddable":true,"href":"https:\/\/senseijewels.com\/ca\/wp-json\/wp\/v2\/media\/724"}],"wp:attachment":[{"href":"https:\/\/senseijewels.com\/ca\/wp-json\/wp\/v2\/media?parent=1680"}],"wp:term":[{"taxonomy":"product_brand","embeddable":true,"href":"https:\/\/senseijewels.com\/ca\/wp-json\/wp\/v2\/product_brand?post=1680"},{"taxonomy":"product_cat","embeddable":true,"href":"https:\/\/senseijewels.com\/ca\/wp-json\/wp\/v2\/product_cat?post=1680"},{"taxonomy":"product_tag","embeddable":true,"href":"https:\/\/senseijewels.com\/ca\/wp-json\/wp\/v2\/product_tag?post=1680"}],"curies":[{"name":"wp","href":"https:\/\/api.w.org\/{rel}","templated":true}]}}